{"id":849,"date":"2026-01-04T21:45:51","date_gmt":"2026-01-04T21:45:51","guid":{"rendered":"https:\/\/www.wimpsy.lu\/offer\/"},"modified":"2026-01-08T09:07:23","modified_gmt":"2026-01-08T09:07:23","slug":"offre","status":"publish","type":"page","link":"https:\/\/www.wimpsy.lu\/fr\/offre\/","title":{"rendered":"Offre"},"content":{"rendered":"\r\n\r\n<figure itemscope itemtype=\"https:\/\/schema.org\/ImageObject\">\r\n\t\t\t\t<img decoding=\"async\" src=\"https:\/\/www.wimpsy.lu\/wp-content\/uploads\/offer-therapie3.webp\" alt=\"offer-therapie3\" height=\"1300\" width=\"900\" title=\"offer-therapie3\" onerror=\"this.style.display='none'\" loading=\"lazy\" \/>\r\n\t<\/figure>\r\n<h1>\r\n\t\t\tOffer\t<\/h1>\r\n\t<h2>Psychoth\u00e9rapie pour adultes<\/h2>\r\n<p>Accompagnement en cas de difficult\u00e9s psychiques, crises de vie et troubles complexes.<\/p>\r\n<h2>Traitement des troubles affectifs et li\u00e9s au stress<\/h2>\r\n<p>Sp\u00e9cialis\u00e9 entre autres dans :<\/p>\r\n<ul>\r\n<li>Trouble panique<\/li>\r\n<li>Trouble anxieux g\u00e9n\u00e9ralis\u00e9<\/li>\r\n<li>Anxi\u00e9t\u00e9 sociale<\/li>\r\n<li>Peur de l&rsquo;avion \/ aviophobie (y compris exposition)<\/li>\r\n<li>D\u00e9pression<\/li>\r\n<li>Burn-out &amp; \u00e9puisement \u00e9motionnel<\/li>\r\n<li>Troubles de l&rsquo;adaptation<\/li>\r\n<\/ul>\r\n<h2>Th\u00e9rapie du traumatisme &amp; EMDR<\/h2>\r\n<p>Traitement des souvenirs p\u00e9nibles et des exp\u00e9riences traumatiques.<\/p>\r\n<h2>Diagnostic et traitement du TDA\/TDAH<\/h2>\r\n<p>\u00c9valuations standardis\u00e9es, anamn\u00e8se d\u00e9taill\u00e9e et accompagnement th\u00e9rapeutique.<\/p>\r\n<h2>Traitement des addictions<\/h2>\r\n<p>J&rsquo;ai une longue exp\u00e9rience aupr\u00e8s de personnes souffrant d&rsquo;addictions, dont :<\/p>\r\n<ul>\r\n<li>D\u00e9pendance \u00e0 l&rsquo;alcool ou aux drogues<\/li>\r\n<li>D\u00e9pendance aux m\u00e9dicaments<\/li>\r\n<li>Addictions comportementales (p. ex. jeux vid\u00e9o, internet, travail)<\/li>\r\n<li>Troubles li\u00e9s aux substances<\/li>\r\n<li>D\u00e9pendance au sucre ou troubles alimentaires<\/li>\r\n<\/ul>\r\n<p>J&rsquo;utilise une combinaison de TCC, entretien motivationnel, pr\u00e9vention de la rechute et approches orient\u00e9es ressources.<\/p>\r\n<p>L&rsquo;objectif est d&rsquo;interrompre les sch\u00e9mas nocifs et de construire un mode de vie stable et autod\u00e9termin\u00e9.<\/p>\r\n<h2>Tests d&rsquo;intelligence et neuropsychologiques<\/h2>\r\n<p>Proc\u00e9dures standardis\u00e9es pour \u00e9valuer les capacit\u00e9s cognitives.<\/p>\r\n<h2>Exp\u00e9rience approfondie avec les psychoses &amp; troubles complexes<\/h2>\r\n<p>\u00c9valuation diff\u00e9renci\u00e9e, accompagnement stabilisant et pr\u00e9vention structur\u00e9e des rechutes.<\/p>\r\n<h2>Supervision<\/h2>\r\n<p>Supervision professionnelle pour psychoth\u00e9rapeutes, intervenants psychosociaux et \u00e9quipes.<\/p>\r\n\r\n","protected":false},"excerpt":{"rendered":"<p>Offer Psychoth\u00e9rapie pour adultes Accompagnement en cas de difficult\u00e9s psychiques, crises de vie et troubles complexes. Traitement des troubles affectifs et li\u00e9s au stress Sp\u00e9cialis\u00e9 entre autres dans : Trouble panique Trouble anxieux g\u00e9n\u00e9ralis\u00e9 Anxi\u00e9t\u00e9 sociale Peur de l&rsquo;avion \/ aviophobie (y compris exposition) D\u00e9pression Burn-out &amp; \u00e9puisement \u00e9motionnel Troubles de l&rsquo;adaptation Th\u00e9rapie du traumatisme&hellip;<\/p>\n","protected":false},"author":1,"featured_media":0,"parent":0,"menu_order":0,"comment_status":"closed","ping_status":"closed","template":"","meta":{"footnotes":""},"class_list":["post-849","page","type-page","status-publish","hentry"],"_links":{"self":[{"href":"https:\/\/www.wimpsy.lu\/fr\/wp-json\/wp\/v2\/pages\/849","targetHints":{"allow":["GET"]}}],"collection":[{"href":"https:\/\/www.wimpsy.lu\/fr\/wp-json\/wp\/v2\/pages"}],"about":[{"href":"https:\/\/www.wimpsy.lu\/fr\/wp-json\/wp\/v2\/types\/page"}],"author":[{"embeddable":true,"href":"https:\/\/www.wimpsy.lu\/fr\/wp-json\/wp\/v2\/users\/1"}],"replies":[{"embeddable":true,"href":"https:\/\/www.wimpsy.lu\/fr\/wp-json\/wp\/v2\/comments?post=849"}],"version-history":[{"count":3,"href":"https:\/\/www.wimpsy.lu\/fr\/wp-json\/wp\/v2\/pages\/849\/revisions"}],"predecessor-version":[{"id":871,"href":"https:\/\/www.wimpsy.lu\/fr\/wp-json\/wp\/v2\/pages\/849\/revisions\/871"}],"wp:attachment":[{"href":"https:\/\/www.wimpsy.lu\/fr\/wp-json\/wp\/v2\/media?parent=849"}],"curies":[{"name":"wp","href":"https:\/\/api.w.org\/{rel}","templated":true}]}}